{"id":29,"date":"2016-01-12T16:35:30","date_gmt":"2016-01-12T16:35:30","guid":{"rendered":"http:\/\/www.vincenzogalatro.com\/?page_id=29"},"modified":"2016-01-16T11:32:37","modified_gmt":"2016-01-16T11:32:37","slug":"autori-scrittori-ed-editori","status":"publish","type":"page","link":"https:\/\/www.vincenzogalatro.com\/?page_id=29","title":{"rendered":"Autori, Scrittori ed Editori"},"content":{"rendered":"<p>&nbsp;<\/p>\n<p><strong>Come scrivere un libro<br \/>\n<\/strong><\/p>\n<p>Vuoi scrivere un libro e hai gi\u00e0 in mente l\u2019argomento? Non esitare a contattarmi, perch\u00e9 spesso le migliori idee sono quelle che ancora non sono state realizzate. Ti ascolter\u00f2 volentieri, G-R-A-T-U-I-T-A-M-E-N-T-E, per capire \u2013 insieme a te &#8211; se \u00e8 possibile realizzare un progetto editoriale e trovare il modo di concretizzare questo tuo piccolo grande sogno: diventare l\u2019autore di un libro.<br \/>\nInoltre, soddisfazione personale a parte, scrivere un libro pu\u00f2 aumentare il tuo business e quindi le tue possibilit\u00e0 di guadagno, accrescendo la tua libert\u00e0 finanziaria.<\/p>\n<p>A presto!<\/p>\n<p><strong>Come scrivere un articolo per riviste e quotidiani di settore<br \/>\n<\/strong><br \/>\nTi piacerebbe veder pubblicato un tuo articolo, non solo su materie giuridiche, ma in qualunque altro settore o materia?<br \/>\nNon perdere tempo e non esitare a contattarmi. Ti ascolter\u00f2 volentieri, G-R-A-T-U-I-T-A-M-E-N-T-E, per capire \u2013 insieme a te &#8211; se \u00e8 possibile concretizzare la tua idea o per sottopormi l\u2019articolo che intendi pubblicare (se lo hai gi\u00e0 scritto). Se invece hai in mente qualcosa, ad esempio su quale argomento cimentarti come scrittore, ma vuoi confrontarti con me (perch\u00e9 condividiamo la stessa passione per la scrittura e la comunicazione), allora ti aiuter\u00f2 volentieri nel realizzare il tuo progetto.<\/p>\n<p>A presto!<\/p>\n<p><strong>Consulenza editoriale<br \/>\n<\/strong><br \/>\nServizi di consulenze editoriali sono rivolti a coloro che hanno un manoscritto nel cassetto, a chi aspira alla pubblicazione e a chi \u00e8 gi\u00e0 in via di pubblicazione e vuole una valutazione professionale del proprio lavoro: articoli, saggi, libri, ecc..<br \/>\nHai un\u2019idea editoriale da sviluppare o vuoi pubblicare un libro? Un progetto incompiuto o la tua scrittura si \u00e8 bloccata? Non aspettare altro tempo, sottoponici il tuo materiale: ti offriremo una consulenza completa di giudizio e analisi degli aspetti formali, strutturali, tematici e linguistici del testo, ed eventualmente, segnalazioni verso agenzie o case editrici.<br \/>\nPer gli editori che vogliono crescere e necessitano di una specifica consulenza per quanto concerne particolari linee editoriali, si offrono modelli e strategie operative per soddisfare le esigenze del pubblico e dei lettori.<\/p>\n","protected":false},"excerpt":{"rendered":"<p>&nbsp; Come scrivere un libro Vuoi scrivere un libro e hai gi\u00e0 in mente l\u2019argomento? Non esitare a contattarmi, perch\u00e9 spesso le migliori idee sono quelle che ancora non sono state realizzate. Ti ascolter\u00f2 volentieri, G-R-A-T-U-I-T-A-M-E-N-T-E, per capire \u2013 insieme a te &#8211; se \u00e8 possibile realizzare un progetto editoriale e trovare il modo di &hellip; <a href=\"https:\/\/www.vincenzogalatro.com\/?page_id=29\" class=\"more-link\">Continua la lettura di <span class=\"screen-reader-text\">Autori, Scrittori ed Editori<\/span> <span class=\"meta-nav\">&rarr;<\/span><\/a><\/p>\n","protected":false},"author":1,"featured_media":0,"parent":0,"menu_order":7,"comment_status":"closed","ping_status":"closed","template":"","meta":{"footnotes":""},"class_list":["post-29","page","type-page","status-publish","hentry"],"_links":{"self":[{"href":"https:\/\/www.vincenzogalatro.com\/index.php?rest_route=\/wp\/v2\/pages\/29","targetHints":{"allow":["GET"]}}],"collection":[{"href":"https:\/\/www.vincenzogalatro.com\/index.php?rest_route=\/wp\/v2\/pages"}],"about":[{"href":"https:\/\/www.vincenzogalatro.com\/index.php?rest_route=\/wp\/v2\/types\/page"}],"author":[{"embeddable":true,"href":"https:\/\/www.vincenzogalatro.com\/index.php?rest_route=\/wp\/v2\/users\/1"}],"replies":[{"embeddable":true,"href":"https:\/\/www.vincenzogalatro.com\/index.php?rest_route=%2Fwp%2Fv2%2Fcomments&post=29"}],"version-history":[{"count":7,"href":"https:\/\/www.vincenzogalatro.com\/index.php?rest_route=\/wp\/v2\/pages\/29\/revisions"}],"predecessor-version":[{"id":73,"href":"https:\/\/www.vincenzogalatro.com\/index.php?rest_route=\/wp\/v2\/pages\/29\/revisions\/73"}],"wp:attachment":[{"href":"https:\/\/www.vincenzogalatro.com\/index.php?rest_route=%2Fwp%2Fv2%2Fmedia&parent=29"}],"curies":[{"name":"wp","href":"https:\/\/api.w.org\/{rel}","templated":true}]}}